{"id":2428,"date":"2026-01-12T12:29:03","date_gmt":"2026-01-12T11:29:03","guid":{"rendered":"https:\/\/www.thaik.sk\/?page_id=2428"},"modified":"2026-01-12T17:53:30","modified_gmt":"2026-01-12T16:53:30","slug":"uvod-1","status":"publish","type":"page","link":"https:\/\/www.thaik.sk\/en\/","title":{"rendered":"Welcome"},"content":{"rendered":"<div data-elementor-type=\"wp-page\" data-elementor-id=\"2428\" class=\"elementor elementor-2428\" data-elementor-post-type=\"page\">\n\t\t\t\t<div class=\"elementor-element elementor-element-26b209a e-flex e-con-boxed e-con e-parent\" data-id=\"26b209a\" data-element_type=\"container\">\n\t\t\t\t\t<div class=\"e-con-inner\">\n\t\t<div class=\"elementor-element elementor-element-f2c713e e-con-full e-flex e-con e-child\" data-id=\"f2c713e\" data-element_type=\"container\">\n\t\t\t\t<\/div>\n\t\t<div class=\"elementor-element elementor-element-bcd6d2b e-con-full e-flex e-con e-child\" data-id=\"bcd6d2b\" data-element_type=\"container\">\n\t\t<div class=\"elementor-element elementor-element-5decff6 e-con-full e-flex e-con e-child\" data-id=\"5decff6\" data-element_type=\"container\">\n\t\t\t\t<div class=\"elementor-element elementor-element-d1bbea7 elementor-widget elementor-widget-text-editor\" data-id=\"d1bbea7\" data-element_type=\"widget\" data-widget_type=\"text-editor.default\">\n\t\t\t\t<div class=\"elementor-widget-container\">\n\t\t\t\t\t\t\t\t\t<p><strong>THAI K &#8211; STUPAVA<\/strong><\/p>\t\t\t\t\t\t\t\t<\/div>\n\t\t\t\t<\/div>\n\t\t\t\t<div class=\"elementor-element elementor-element-a75a372 elementor-widget elementor-widget-text-editor\" data-id=\"a75a372\" data-element_type=\"widget\" data-widget_type=\"text-editor.default\">\n\t\t\t\t<div class=\"elementor-widget-container\">\n\t\t\t\t\t\t\t\t\t<p>\u017delezni\u010dn\u00e1 3C<br \/>+421 911 981 109<br \/>info@thaik.sk<\/p>\t\t\t\t\t\t\t\t<\/div>\n\t\t\t\t<\/div>\n\t\t\t\t<div class=\"elementor-element elementor-element-fb7e186 elementor-align-center elementor-mobile-align-center elementor-invisible elementor-widget elementor-widget-button\" data-id=\"fb7e186\" data-element_type=\"widget\" data-settings=\"{&quot;_animation&quot;:&quot;fadeInDown&quot;}\" data-widget_type=\"button.default\">\n\t\t\t\t<div class=\"elementor-widget-container\">\n\t\t\t\t\t\t\t\t\t<div class=\"elementor-button-wrapper\">\n\t\t\t\t\t<a class=\"elementor-button elementor-button-link elementor-size-lg\" href=\"https:\/\/stupava.thaik.sk\/\">\n\t\t\t\t\t\t<span class=\"elementor-button-content-wrapper\">\n\t\t\t\t\t\t\t\t\t<span class=\"elementor-button-text\">ENTER<\/span>\n\t\t\t\t\t<\/span>\n\t\t\t\t\t<\/a>\n\t\t\t\t<\/div>\n\t\t\t\t\t\t\t\t<\/div>\n\t\t\t\t<\/div>\n\t\t\t\t<\/div>\n\t\t<div class=\"elementor-element elementor-element-1053dd1 e-con-full e-flex e-con e-child\" data-id=\"1053dd1\" data-element_type=\"container\">\n\t\t\t\t<div class=\"elementor-element elementor-element-76e31c3 elementor-widget elementor-widget-text-editor\" data-id=\"76e31c3\" data-element_type=\"widget\" data-widget_type=\"text-editor.default\">\n\t\t\t\t<div class=\"elementor-widget-container\">\n\t\t\t\t\t\t\t\t\t<p><strong>THAI K &#8211; MALACKY<\/strong><\/p>\t\t\t\t\t\t\t\t<\/div>\n\t\t\t\t<\/div>\n\t\t\t\t<div class=\"elementor-element elementor-element-7a01779 elementor-widget elementor-widget-text-editor\" data-id=\"7a01779\" data-element_type=\"widget\" data-widget_type=\"text-editor.default\">\n\t\t\t\t<div class=\"elementor-widget-container\">\n\t\t\t\t\t\t\t\t\t<p>Mal\u00e9 n\u00e1mestie 19<br \/>+421 911 109 997<br \/>masaze@thaik.sk<\/p>\t\t\t\t\t\t\t\t<\/div>\n\t\t\t\t<\/div>\n\t\t\t\t<div class=\"elementor-element elementor-element-6867dd6 elementor-align-center elementor-mobile-align-center elementor-invisible elementor-widget elementor-widget-button\" data-id=\"6867dd6\" data-element_type=\"widget\" data-settings=\"{&quot;_animation&quot;:&quot;fadeInDown&quot;}\" data-widget_type=\"button.default\">\n\t\t\t\t<div class=\"elementor-widget-container\">\n\t\t\t\t\t\t\t\t\t<div class=\"elementor-button-wrapper\">\n\t\t\t\t\t<a class=\"elementor-button elementor-button-link elementor-size-lg\" href=\"https:\/\/malacky.thaik.sk\/\">\n\t\t\t\t\t\t<span class=\"elementor-button-content-wrapper\">\n\t\t\t\t\t\t\t\t\t<span class=\"elementor-button-text\">ENTER<\/span>\n\t\t\t\t\t<\/span>\n\t\t\t\t\t<\/a>\n\t\t\t\t<\/div>\n\t\t\t\t\t\t\t\t<\/div>\n\t\t\t\t<\/div>\n\t\t\t\t<\/div>\n\t\t\t\t<\/div>\n\t\t<div class=\"elementor-element elementor-element-c4fb782 e-con-full e-flex e-con e-child\" data-id=\"c4fb782\" data-element_type=\"container\">\n\t\t\t\t<div class=\"elementor-element elementor-element-911fd2a e-grid-align-right e-grid-align-tablet-right e-grid-align-mobile-center elementor-widget-mobile__width-inherit elementor-shape-rounded elementor-grid-0 elementor-widget elementor-widget-social-icons\" data-id=\"911fd2a\" data-element_type=\"widget\" data-widget_type=\"social-icons.default\">\n\t\t\t\t<div class=\"elementor-widget-container\">\n\t\t\t\t\t\t\t<div class=\"elementor-social-icons-wrapper elementor-grid\" role=\"list\">\n\t\t\t\t\t\t\t<span class=\"elementor-grid-item\" role=\"listitem\">\n\t\t\t\t\t<a class=\"elementor-icon elementor-social-icon elementor-social-icon-facebook-f elementor-repeater-item-3f1b7ac\" href=\"https:\/\/www.facebook.com\/THAIKmassageandspa\" target=\"_blank\">\n\t\t\t\t\t\t<span class=\"elementor-screen-only\">Facebook-f<\/span>\n\t\t\t\t\t\t<i aria-hidden=\"true\" class=\"fab fa-facebook-f\"><\/i>\t\t\t\t\t<\/a>\n\t\t\t\t<\/span>\n\t\t\t\t\t\t\t<span class=\"elementor-grid-item\" role=\"listitem\">\n\t\t\t\t\t<a class=\"elementor-icon elementor-social-icon elementor-social-icon-instagram elementor-repeater-item-3c50740\" href=\"https:\/\/www.instagram.com\/thaik_massageandspa\/\" target=\"_blank\">\n\t\t\t\t\t\t<span class=\"elementor-screen-only\">Instagram<\/span>\n\t\t\t\t\t\t<i aria-hidden=\"true\" class=\"fab fa-instagram\"><\/i>\t\t\t\t\t<\/a>\n\t\t\t\t<\/span>\n\t\t\t\t\t<\/div>\n\t\t\t\t\t\t<\/div>\n\t\t\t\t<\/div>\n\t\t\t\t<div class=\"elementor-element elementor-element-31f8784 elementor-widget elementor-widget-image\" data-id=\"31f8784\" data-element_type=\"widget\" data-widget_type=\"image.default\">\n\t\t\t\t<div class=\"elementor-widget-container\">\n\t\t\t\t\t\t\t\t\t\t\t\t\t\t\t<img fetchpriority=\"high\" decoding=\"async\" width=\"3141\" height=\"1066\" src=\"https:\/\/www.thaik.sk\/wp-content\/uploads\/2024\/03\/Black-logo-no-background.png\" class=\"attachment-full size-full wp-image-43\" alt=\"\" srcset=\"https:\/\/www.thaik.sk\/wp-content\/uploads\/2024\/03\/Black-logo-no-background.png 3141w, https:\/\/www.thaik.sk\/wp-content\/uploads\/2024\/03\/Black-logo-no-background-300x102.png 300w, https:\/\/www.thaik.sk\/wp-content\/uploads\/2024\/03\/Black-logo-no-background-1024x348.png 1024w, https:\/\/www.thaik.sk\/wp-content\/uploads\/2024\/03\/Black-logo-no-background-768x261.png 768w, https:\/\/www.thaik.sk\/wp-content\/uploads\/2024\/03\/Black-logo-no-background-1536x521.png 1536w, https:\/\/www.thaik.sk\/wp-content\/uploads\/2024\/03\/Black-logo-no-background-2048x695.png 2048w\" sizes=\"(max-width: 3141px) 100vw, 3141px\" \/>\t\t\t\t\t\t\t\t\t\t\t\t\t\t\t<\/div>\n\t\t\t\t<\/div>\n\t\t\t\t<div class=\"elementor-element elementor-element-0c513be elementor-widget elementor-widget-heading\" data-id=\"0c513be\" data-element_type=\"widget\" data-widget_type=\"heading.default\">\n\t\t\t\t<div class=\"elementor-widget-container\">\n\t\t\t\t\t<p class=\"elementor-heading-title elementor-size-default\">THAI K - Massage &amp; Spa 2026 \u00a9 All Rights Reserved<\/p>\t\t\t\t<\/div>\n\t\t\t\t<\/div>\n\t\t\t\t<\/div>\n\t\t\t\t\t<\/div>\n\t\t\t\t<\/div>\n\t\t\t\t<\/div>","protected":false},"excerpt":{"rendered":"<p>THAI K &#8211; STUPAVA \u017delezni\u010dn\u00e1 3C+421 911 981 109info@thaik.sk VST\u00daPI\u0164 THAI K &#8211; MALACKY Mal\u00e9 n\u00e1mestie 19+421 911 109 997masaze@thaik.sk VST\u00daPI\u0164 Facebook-f Instagram THAI K &#8211; Massage &amp; Spa 2026 \u00a9 All Rights Reserved<\/p>","protected":false},"author":1,"featured_media":0,"parent":0,"menu_order":0,"comment_status":"closed","ping_status":"closed","template":"elementor_theme","meta":{"footnotes":""},"class_list":["post-2428","page","type-page","status-publish","hentry"],"_links":{"self":[{"href":"https:\/\/www.thaik.sk\/en\/wp-json\/wp\/v2\/pages\/2428","targetHints":{"allow":["GET"]}}],"collection":[{"href":"https:\/\/www.thaik.sk\/en\/wp-json\/wp\/v2\/pages"}],"about":[{"href":"https:\/\/www.thaik.sk\/en\/wp-json\/wp\/v2\/types\/page"}],"author":[{"embeddable":true,"href":"https:\/\/www.thaik.sk\/en\/wp-json\/wp\/v2\/users\/1"}],"replies":[{"embeddable":true,"href":"https:\/\/www.thaik.sk\/en\/wp-json\/wp\/v2\/comments?post=2428"}],"version-history":[{"count":50,"href":"https:\/\/www.thaik.sk\/en\/wp-json\/wp\/v2\/pages\/2428\/revisions"}],"predecessor-version":[{"id":2487,"href":"https:\/\/www.thaik.sk\/en\/wp-json\/wp\/v2\/pages\/2428\/revisions\/2487"}],"wp:attachment":[{"href":"https:\/\/www.thaik.sk\/en\/wp-json\/wp\/v2\/media?parent=2428"}],"curies":[{"name":"wp","href":"https:\/\/api.w.org\/{rel}","templated":true}]}}