{"id":636,"date":"2024-04-15T20:37:10","date_gmt":"2024-04-15T18:37:10","guid":{"rendered":"https:\/\/www.thaik.sk\/?page_id=636"},"modified":"2025-03-03T14:07:27","modified_gmt":"2025-03-03T13:07:27","slug":"reklamacny-poriadok","status":"publish","type":"page","link":"https:\/\/www.thaik.sk\/en\/reklamacny-poriadok\/","title":{"rendered":"Complaint Policy"},"content":{"rendered":"<div data-elementor-type=\"wp-page\" data-elementor-id=\"636\" class=\"elementor elementor-636\" data-elementor-post-type=\"page\">\n\t\t\t\t<div class=\"elementor-element elementor-element-5f9ad9c8 e-flex e-con-boxed e-con e-parent\" data-id=\"5f9ad9c8\" data-element_type=\"container\" data-settings=\"{&quot;background_background&quot;:&quot;classic&quot;}\">\n\t\t\t\t\t<div class=\"e-con-inner\">\n\t\t\t\t<div class=\"elementor-element elementor-element-ad42abd elementor-widget elementor-widget-heading\" data-id=\"ad42abd\" data-element_type=\"widget\" data-widget_type=\"heading.default\">\n\t\t\t\t<div class=\"elementor-widget-container\">\n\t\t\t\t\t<h2 class=\"elementor-heading-title elementor-size-default\">Complaint Policy<\/h2>\t\t\t\t<\/div>\n\t\t\t\t<\/div>\n\t\t\t\t<div class=\"elementor-element elementor-element-24911e5f elementor-widget elementor-widget-text-editor\" data-id=\"24911e5f\" data-element_type=\"widget\" data-widget_type=\"text-editor.default\">\n\t\t\t\t<div class=\"elementor-widget-container\">\n\t\t\t\t\t\t\t\t\t<h6>Prev\u00e1dzkovate\u013e: SKO s.r.o., H\u00fa\u0161\u010davova 1151\/3, 841 01 Bratislava, I\u010cO: 55 466\u00a0532, zap\u00edsan\u00e1 v Obchodnom registri Mestsk\u00e9ho s\u00fadu Bratislava III, Oddiel: Sro 170488\/B, (\u010falej ako \u201ePred\u00e1vaj\u00faci\u201c alebo \u201ePoskytovate\u013e\u201c)<\/h6><h6>N\u00e1zov a miesto prev\u00e1dzky: THAI K \u2013 Massage &amp; Spa, \u017delezni\u010dn\u00e1 3C, 900 31 Stupava, Stupavia 1. poschodie<\/h6><h6><strong>\u010cl. 1 Z\u00e1kladn\u00e9 ustanovenia<\/strong><\/h6><h6>Tento reklama\u010dn\u00fd poriadok sa riadi ustanoveniami ob\u010dianskeho z\u00e1konn\u00edka \u010d. 40\/1964 Z.z. a\u00a0v\u00a0znen\u00ed neskor\u0161\u00edch zmien a\u00a0doplnkov a\u00a0v\u00a0s\u00falade so z\u00e1konom o\u00a0ochrane spotrebite\u013ea \u010d. 250\/2007 Z.z. a\u00a0v\u00a0znen\u00ed neskor\u0161\u00edch zmien a\u00a0doplnkov.<\/h6><h6><strong>\u010cl. 2 Vymedzenie z\u00e1kladn\u00fdch pojmov<\/strong><\/h6><ul><li><h6>Pred\u00e1vaj\u00faci je osoba, ktor\u00e1 pri uzatv\u00e1ran\u00ed a\u00a0plnen\u00ed spotrebite\u013eskej zmluvy kon\u00e1 v\u00a0r\u00e1mci predmetu svojej podnikate\u013eskej \u010dinnosti alebo povolania, alebo osoba konaj\u00faca v\u00a0jej mene alebo na jej \u00fa\u010det.<\/h6><\/li><li><h6>Spotrebite\u013eom je fyzick\u00e1 osoba, ktor\u00e1 pri uzatv\u00e1ran\u00ed a\u00a0plnen\u00ed spotrebite\u013eskej zmluvy nekon\u00e1 v\u00a0r\u00e1mci predmetu svojej podnikate\u013eskej \u010dinnosti, zamestnania, alebo povolania.<\/h6><\/li><li><h6>Reklam\u00e1cia je uplatnenie zodpovednosti za vady v\u00fdrobku alebo slu\u017eby.<\/h6><\/li><li><h6>Vybaven\u00edm reklam\u00e1cie je ukon\u010denie reklama\u010dn\u00e9ho konania odovzdan\u00edm opraven\u00e9ho v\u00fdrobku, v\u00fdmenou v\u00fdrobku, vr\u00e1ten\u00edm k\u00fapnej ceny v\u00fdrobku, vyplaten\u00edm primeranej z\u013eavy z\u00a0ceny v\u00fdrobku, p\u00edsomn\u00e1 v\u00fdzva na prevzatie plnenia alebo jej od\u00f4vodnen\u00e9 zamietnutie.<\/h6><\/li><li><h6>Slu\u017eba je ak\u00e1ko\u013evek \u010dinnos\u0165 alebo v\u00fdkon, ktor\u00fd je pon\u00fakan\u00fd spotrebite\u013eovi odplatne alebo bezodplatne.<\/h6><\/li><li><h6>Bezpe\u010dnou slu\u017ebou je slu\u017eba, ktor\u00e1 za be\u017en\u00fdch alebo rozumne predv\u00eddate\u013en\u00fdch podmienok poskytovania nepredstavuje nebezpe\u010denstvo alebo jej poskytovanie predstavuje pre spotrebite\u013ea vzh\u013eadom na bezpe\u010dnos\u0165 a\u00a0ochranu zdravia len minim\u00e1lne nebezpe\u010denstvo.<\/h6><\/li><\/ul><h6>\u00a0<\/h6><h6><strong>\u010cl. 3 Pr\u00e1vo z\u00e1kazn\u00edka na reklam\u00e1ciu<\/strong><\/h6><h6>V\u00a0pr\u00edpade, \u017ee je spotrebite\u013eovi poskytnut\u00e1 slu\u017eba ni\u017e\u0161ej kvality alebo ni\u017e\u0161ieho rozsahu ako to bolo vopred dohodnut\u00e9 alebo ako je obvykl\u00e9, vznik\u00e1 z\u00e1kazn\u00edkovi pr\u00e1vo na reklam\u00e1ciu.<\/h6><h6>\u00a0<\/h6><h6><strong>\u010cl. 4 Povinnosti spotrebite\u013ea<\/strong><\/h6><h6>Spotrebite\u013e je vo vlastnom z\u00e1ujme povinn\u00fd upozorni\u0165 pred\u00e1vaj\u00faceho pred zah\u00e1jen\u00edm poskytovania slu\u017eby na svoj zdravotn\u00fd stav, zdravotn\u00e9 probl\u00e9my a\u00a0pr\u00edznaky a\u00a0zdravotn\u00e9 obmedzenia ak ich m\u00e1 a\u00a0m\u00e1 o\u00a0nich vedomos\u0165 alebo m\u00e1 na ne podozrenie, najm\u00e4 na: poopera\u010dn\u00e9 stavy, pl\u00e1novan\u00e9 oper\u00e1cie, ko\u017en\u00e9 v\u00fdrastky, matersk\u00e9 znamienka, poranenia a\u00a0choroby ko\u017ee, zlomeniny, cukrovku, dnu, ochorenie srdca, vysok\u00fd krvn\u00fd tlak, choroby oka, k\u0155\u010dov\u00e9 \u017eily (i vn\u00fatorn\u00e9), choroby chrbtice, alergie, hormon\u00e1lne zmeny (napr. tehotenstvo, klimakt\u00e9rium, ochorenia \u0161t\u00edtnej \u017e\u013eazy), onkologick\u00e9 ochorenie vr\u00e1tanie u\u017e prekonan\u00e9ho, hor\u00fa\u010dkovit\u00e9 stavy, celkov\u00fa du\u0161evn\u00fa a\u00a0fyzick\u00fa vy\u010derpanos\u0165, at\u010f&#8230;<\/h6><h6>V\u00a0pr\u00edpade v\u00e1\u017enych prekonan\u00fdch, chronick\u00fdch alebo ak\u00fatnych ochoren\u00ed, pri ktor\u00fdch nie je pred\u00e1vaj\u00faci alebo spotrebite\u013e objekt\u00edvne sp\u00f4sobil\u00fd pos\u00fadi\u0165 vplyv poskytovanej slu\u017eby na tieto ochorenia, je spotrebite\u013e povinn\u00fd predlo\u017ei\u0165 poskytovate\u013eovi lek\u00e1rsky posudok popisuj\u00faci, \u017ee druh poskytovanej slu\u017eby nebude ma\u0165 negat\u00edvny vplyv na zdravotn\u00fd stav spotrebite\u013ea a\/alebo ako sa m\u00e1\/m\u00f4\u017ee slu\u017eba poskytova\u0165.<\/h6><h6>\u00a0<\/h6><h6><strong>\u010cl. 5 Uplatnenie reklam\u00e1cie<\/strong><\/h6><h6>Ak spotrebite\u013e zist\u00ed d\u00f4vody a\u00a0skuto\u010dnosti, ktor\u00e9 m\u00f4\u017eu by\u0165 predmetom reklam\u00e1cie slu\u017eby, je povinn\u00fd uplatni\u0165 pr\u00edpadn\u00fa reklam\u00e1ciu pod\u013ea mo\u017enosti ihne\u010f bez zbyto\u010dn\u00e9ho odkladu u\u00a0osoby, ktor\u00e1 mu slu\u017ebu poskytla a\u00a0to priamo na mieste, kde mu bola slu\u017eba poskytnut\u00e1 alebo na adresu poskytovate\u013ea slu\u017eby.<\/h6><h6>Pre spo\u013eahlivej\u0161ie pos\u00fadenie reklam\u00e1cie je vhodn\u00e9, aby spotrebite\u013e preuk\u00e1zal, \u017ee slu\u017eba bola poskytnut\u00e1 nekvalitne (napr. v\u00fdpovede svedkov, fotografie nekvalitne poskytnutej slu\u017eby, pr\u00edpadne odborn\u00fd posudok dermatol\u00f3ga alebo fyzioterapeuta alebo lek\u00e1rska spr\u00e1va).<\/h6><h6>Poskytovate\u013e alebo n\u00edm poveren\u00e1 osoba zap\u00ed\u0161e reklam\u00e1ciu spotrebite\u013ea do reklama\u010dn\u00e9ho protokolu s\u00a0uveden\u00edm objekt\u00edvnych okolnost\u00ed reklam\u00e1cie a\u00a0d\u00f4kazov, ktor\u00e9 predlo\u017eil spotrebite\u013e.<\/h6><h6>Pred\u00e1vaj\u00faci po starostlivom presk\u00faman\u00ed reklam\u00e1cie rozhodne o\u00a0sp\u00f4sobe vybavenia reklam\u00e1cie ihne\u010f, najnesk\u00f4r v\u0161ak do 30 dn\u00ed.<\/h6><h6>V\u00a0z\u00e1ujme r\u00fdchleho priebehu reklama\u010dn\u00e9ho vybavenia je \u00fa\u010deln\u00e9, aby spotrebite\u013e pri uplat\u0148ovan\u00ed reklam\u00e1cie predlo\u017eil doklady o\u00a0poskytnut\u00ed slu\u017eby alebo k\u00fape tovaru (doklad z\u00a0registra\u010dnej pokladne, fakt\u00faru, k\u00f3pia objedn\u00e1vky a\u00a0pod.)<\/h6><h6>Z\u00e1ru\u010dn\u00e1 doba je 3 mesiace.<\/h6><h6>Reklam\u00e1ciu slu\u017eby nie je mo\u017en\u00e9 uplatni\u0165 v\u00a0pr\u00edpade, ak spotrebite\u013e nedodr\u017eal pokyny, ktor\u00e9 mu poskytol poskytovate\u013e slu\u017eby.<\/h6><h6>\u00a0<\/h6><h6><strong>\u010cl. 6 Chyby odstr\u00e1nite\u013en\u00e9<\/strong><\/h6><h6>Spotrebite\u013e m\u00e1 pr\u00e1vo po\u017eiada\u0165 o\u00a0bezplatn\u00e9, riadne a\u00a0v\u010dasn\u00e9 odstr\u00e1nenie chyby po\u010das poskytovania slu\u017eby v\u00a0momente, ke\u010f sa dozvedel, \u017ee slu\u017eba nie je poskytovan\u00e1 pod\u013ea zn\u00e1mych \u0161tandardov.<\/h6><h6>\u00a0<\/h6><h6><strong>\u010cl. 7 Chyby neodstr\u00e1nite\u013en\u00e9<\/strong><\/h6><h6>V\u00a0pr\u00edpade, \u017ee nie je mo\u017en\u00e9 poskytn\u00fa\u0165 slu\u017ebu z\u00a0d\u00f4vodu na strane poskytovate\u013ea (napr. z\u00a0technick\u00fdch pr\u00ed\u010din alebo choroby), m\u00e1 spotrebite\u013e pr\u00e1vo na n\u00e1hradn\u00fd term\u00edn alebo na vr\u00e1tenie u\u017e zaplatenej sumy.<\/h6><h6>V\u00a0pr\u00edpade, \u017ee nie je mo\u017en\u00e9 poskytn\u00fa\u0165 slu\u017ebu z\u00a0d\u00f4vodu na strane spotrebite\u013ea (napr. z\u00a0technick\u00fdch pr\u00ed\u010din alebo osobn\u00fdch obmedzen\u00ed), m\u00e1 spotrebite\u013e pr\u00e1vo na n\u00e1hradn\u00fd term\u00edn alebo na vr\u00e1tenie u\u017e zaplatenej sumy alebo jej \u010dasti na z\u00e1klade dohody s\u00a0poskytovate\u013eom.<\/h6><h6>\u00a0<\/h6><h6><strong>\u010cl. 8 Lehoty na uplatnenie reklam\u00e1ci\u00ed<\/strong><\/h6><h6>Spotrebite\u013e je povinn\u00fd uplatni\u0165 reklam\u00e1ciu ihne\u010f, bez zbyto\u010dn\u00e9ho odkladu.<\/h6><h6>\u00a0<\/h6><h6><strong>\u010cl. 9 Spolu\u00fa\u010das\u0165 spotrebite\u013ea pri vybavovan\u00ed reklam\u00e1cie<\/strong><\/h6><h6>Spotrebite\u013e je povinn\u00fd osobne sa z\u00fa\u010dastni\u0165 vybavovania reklam\u00e1cie a\u00a0poskytn\u00fa\u0165 objekt\u00edvne inform\u00e1cie t\u00fdkaj\u00face sa poskytnutej slu\u017eby, ktor\u00e9 s\u00fa predmetom reklam\u00e1cie.<\/h6><h6>\u00a0<\/h6><h6><strong>\u010cl. 10 Alternat\u00edvne rie\u0161enie sporu<\/strong><\/h6><h6>Spotrebite\u013e m\u00e1 pr\u00e1vo obr\u00e1ti\u0165 sa na pred\u00e1vaj\u00faceho so \u017eiados\u0165ou o\u00a0n\u00e1pravu, ak nie je spokojn\u00fd so sp\u00f4sobom, ktor\u00fdm pred\u00e1vaj\u00faci vybavil jeho reklam\u00e1ciu alebo ak sa domnieva, \u017ee pred\u00e1vaj\u00faci poru\u0161il jeho pr\u00e1va. Ak pred\u00e1vaj\u00faci na \u017eiados\u0165 spotrebite\u013ea odpovie zamietavo alebo na \u0148u do 30 dn\u00ed odo d\u0148a jej odoslania neodpovie v\u00f4bec, spotrebite\u013e m\u00e1 pr\u00e1vo poda\u0165 n\u00e1vrh na za\u010datie alternat\u00edvneho rie\u0161enia sporu (\u010falej len \u201eARS\u201c). Formou ARS m\u00f4\u017eu by\u0165 rie\u0161en\u00e9 iba spory vypl\u00fdvaj\u00face zo zmluvy medzi pred\u00e1vaj\u00facim a\u00a0spotrebite\u013eom a\u00a0spory s\u00a0touto zmluvou s\u00favisiace, s\u00a0v\u00fdnimkou sporov pod\u013ea ust. \u00a7 1 ods. 4 z\u00e1kona \u010d. 391\/2015 Z.z. a\u00a0sporov, ktor\u00fdch hodnota neprevy\u0161uje 20 EUR.<\/h6><h6>N\u00e1vrh na za\u010datie ARS sa pod\u00e1va k subjektu ARS pod\u013ea ust. \u00a7 3 citovan\u00e9ho z\u00e1kona, a to za pomoci k tomu ur\u010denej platformy alebo formul\u00e1ra, ktor\u00e9ho vzor tvor\u00ed pr\u00edlohu \u010d. 1 citovan\u00e9ho z\u00e1kona. Subjekt ARS m\u00f4\u017ee od spotrebite\u013ea po\u017eadova\u0165 \u00fahradu poplatku za za\u010datie ARS, maxim\u00e1lne v\u0161ak do v\u00fd\u0161ky 5 EUR s DPH. Ak s\u00fa na ARS pr\u00edslu\u0161n\u00e9 viacer\u00e9 subjekty, pr\u00e1vo vo\u013eby, ktor\u00e9mu z nich pod\u00e1 n\u00e1vrh, m\u00e1 spotrebite\u013e. Okrem ARS m\u00e1 spotrebite\u013e pr\u00e1vo obr\u00e1ti\u0165 sa na vecne a miestne pr\u00edslu\u0161n\u00fd v\u0161eobecn\u00fd alebo rozhodcovsk\u00fd s\u00fad.\u00a0<\/h6><h6>\u0160t\u00e1tnym org\u00e1nom ARS je:<\/h6><h6>\u00dastredn\u00fd in\u0161pektor\u00e1t SOI, Odbor pre medzin\u00e1rodn\u00e9 vz\u0165ahy a\u00a0alternat\u00edvne rie\u0161enie spotrebite\u013esk\u00fdch sporov, P.O.BOX 29, Bajkalsk\u00e1 21\/A, 827 99 Bratislava.<\/h6><h6>Adresa na pod\u00e1vanie podan\u00ed v\u00a0elektronickej podobe: <a href=\"mailto:ars@soi.sk\">ars@soi.sk<\/a><\/h6><h6>S\u00fakromn\u00e9 subjekty ARS s\u00fa:<\/h6><h6>Zoznam subjektov ARS \u2013 v\u00a0zmysle \u00a7 24 ods. 1 p\u00edsm. a) z\u00e1kona \u010d. 391\/2015 Z.z. o\u00a0alternat\u00edvnom rie\u0161en\u00ed spotrebite\u013esk\u00fdch sporov zverej\u0148uje Ministerstvo hospod\u00e1rstva Slovenskej republiky na svojom webe: <a href=\"https:\/\/www.mhsr.sk\/obchod\/ochrana-spotrebitela\/alternativne-riesenie-spotrebitelskych-sporov-1\/zoznam-subjektov-alternativneho-riesenia-spotrebitelskych-sporov-1\">https:\/\/www.mhsr.sk\/obchod\/ochrana-spotrebitela\/alternativne-riesenie-spotrebitelskych-sporov-1\/zoznam-subjektov-alternativneho-riesenia-spotrebitelskych-sporov-1<\/a>.<\/h6><h6>Spotrebite\u013e m\u00f4\u017ee vyu\u017ei\u0165 na podanie n\u00e1vrhu na za\u010datie mimos\u00fadneho rie\u0161enia sporov a\u00a0na z\u00edskanie inform\u00e1ci\u00ed o\u00a0mimos\u00fadnom rie\u0161en\u00ed spotrebite\u013esk\u00fdch sporov (vr\u00e1tane cezhrani\u010dn\u00fdch sporov) tie\u017e webov\u00fa str\u00e1nku Ministerstva hospod\u00e1rstva SR <a href=\"http:\/\/www.mhsr.sk\">www.mhsr.sk<\/a><\/h6><h6>\u00a0<\/h6><h6><strong>\u010cl. 11 Z\u00e1vere\u010dn\u00e9 ustanovenia<\/strong><\/h6><h6>Poskytovate\u013e si vyhradzuje pr\u00e1vo na zmeny tohto reklama\u010dn\u00e9ho poriadku bez predch\u00e1dzaj\u00faceho upozornenia.<\/h6><h6>Tento reklama\u010dn\u00fd poriadok nadob\u00fada platnos\u0165 a \u00fa\u010dinnos\u0165 1.5.2024.<\/h6><h6>\u00a0<\/h6>\t\t\t\t\t\t\t\t<\/div>\n\t\t\t\t<\/div>\n\t\t\t\t<div class=\"elementor-element elementor-element-3d2822b6 elementor-widget elementor-widget-spacer\" data-id=\"3d2822b6\" data-element_type=\"widget\" data-widget_type=\"spacer.default\">\n\t\t\t\t<div class=\"elementor-widget-container\">\n\t\t\t\t\t\t\t<div class=\"elementor-spacer\">\n\t\t\t<div class=\"elementor-spacer-inner\"><\/div>\n\t\t<\/div>\n\t\t\t\t\t\t<\/div>\n\t\t\t\t<\/div>\n\t\t\t\t\t<\/div>\n\t\t\t\t<\/div>\n\t\t<footer class=\"elementor-element elementor-element-3c4bdd44 e-con-full e-flex e-con e-parent\" data-id=\"3c4bdd44\" data-element_type=\"container\">\n\t\t<div class=\"elementor-element elementor-element-524bb255 e-con-full e-flex e-con e-child\" data-id=\"524bb255\" data-element_type=\"container\">\n\t\t\t\t<div class=\"elementor-element elementor-element-13fcb453 elementor-tablet-align-center elementor-align-center elementor-list-item-link-full_width elementor-widget elementor-widget-icon-list\" data-id=\"13fcb453\" data-element_type=\"widget\" data-widget_type=\"icon-list.default\">\n\t\t\t\t<div class=\"elementor-widget-container\">\n\t\t\t\t\t\t\t<ul class=\"elementor-icon-list-items\">\n\t\t\t\t\t\t\t<li class=\"elementor-icon-list-item\">\n\t\t\t\t\t\t\t\t\t\t\t<span class=\"elementor-icon-list-icon\">\n\t\t\t\t\t\t\t<i aria-hidden=\"true\" class=\"fas fa-phone\"><\/i>\t\t\t\t\t\t<\/span>\n\t\t\t\t\t\t\t\t\t\t<span class=\"elementor-icon-list-text\">+421 911 981 109<\/span>\n\t\t\t\t\t\t\t\t\t<\/li>\n\t\t\t\t\t\t\t\t<li class=\"elementor-icon-list-item\">\n\t\t\t\t\t\t\t\t\t\t\t<a href=\"mailto:info@thaik.sk\" target=\"_blank\">\n\n\t\t\t\t\t\t\t\t\t\t\t\t<span class=\"elementor-icon-list-icon\">\n\t\t\t\t\t\t\t<i aria-hidden=\"true\" class=\"fas fa-envelope\"><\/i>\t\t\t\t\t\t<\/span>\n\t\t\t\t\t\t\t\t\t\t<span class=\"elementor-icon-list-text\">info@thaik.sk<\/span>\n\t\t\t\t\t\t\t\t\t\t\t<\/a>\n\t\t\t\t\t\t\t\t\t<\/li>\n\t\t\t\t\t\t\t\t<li class=\"elementor-icon-list-item\">\n\t\t\t\t\t\t\t\t\t\t\t<a href=\"https:\/\/maps.app.goo.gl\/vj7KB61mFv4WbE7y6\" target=\"_blank\">\n\n\t\t\t\t\t\t\t\t\t\t\t\t<span class=\"elementor-icon-list-icon\">\n\t\t\t\t\t\t\t<i aria-hidden=\"true\" class=\"fas fa-map-marker-alt\"><\/i>\t\t\t\t\t\t<\/span>\n\t\t\t\t\t\t\t\t\t\t<span class=\"elementor-icon-list-text\">\u017delezni\u010dn\u00e1 3C, 900 31 Stupava<\/span>\n\t\t\t\t\t\t\t\t\t\t\t<\/a>\n\t\t\t\t\t\t\t\t\t<\/li>\n\t\t\t\t\t\t\t\t<li class=\"elementor-icon-list-item\">\n\t\t\t\t\t\t\t\t\t\t\t<span class=\"elementor-icon-list-icon\">\n\t\t\t\t\t\t\t<i aria-hidden=\"true\" class=\"fas fa-clock\"><\/i>\t\t\t\t\t\t<\/span>\n\t\t\t\t\t\t\t\t\t\t<span class=\"elementor-icon-list-text\">Open MON - SUN 10 AM - 10 PM<\/span>\n\t\t\t\t\t\t\t\t\t<\/li>\n\t\t\t\t\t\t\t\t<li class=\"elementor-icon-list-item\">\n\t\t\t\t\t\t\t\t\t\t\t<a href=\"https:\/\/www.thaik.sk\/en\/prevadzkovy-poriadok\/\">\n\n\t\t\t\t\t\t\t\t\t\t\t\t<span class=\"elementor-icon-list-icon\">\n\t\t\t\t\t\t\t<i aria-hidden=\"true\" class=\"fas fa-clipboard-list\"><\/i>\t\t\t\t\t\t<\/span>\n\t\t\t\t\t\t\t\t\t\t<span class=\"elementor-icon-list-text\">Operating Rules<\/span>\n\t\t\t\t\t\t\t\t\t\t\t<\/a>\n\t\t\t\t\t\t\t\t\t<\/li>\n\t\t\t\t\t\t\t\t<li class=\"elementor-icon-list-item\">\n\t\t\t\t\t\t\t\t\t\t\t<a href=\"https:\/\/www.thaik.sk\/en\/reklamacny-poriadok\/\">\n\n\t\t\t\t\t\t\t\t\t\t\t\t<span class=\"elementor-icon-list-icon\">\n\t\t\t\t\t\t\t<i aria-hidden=\"true\" class=\"fas fa-clipboard-list\"><\/i>\t\t\t\t\t\t<\/span>\n\t\t\t\t\t\t\t\t\t\t<span class=\"elementor-icon-list-text\">Complaint Policy<\/span>\n\t\t\t\t\t\t\t\t\t\t\t<\/a>\n\t\t\t\t\t\t\t\t\t<\/li>\n\t\t\t\t\t\t\t\t<li class=\"elementor-icon-list-item\">\n\t\t\t\t\t\t\t\t\t\t\t<a href=\"https:\/\/www.thaik.sk\/en\/vseobecne-obchodne-podmienky\/\">\n\n\t\t\t\t\t\t\t\t\t\t\t\t<span class=\"elementor-icon-list-icon\">\n\t\t\t\t\t\t\t<i aria-hidden=\"true\" class=\"fas fa-file-alt\"><\/i>\t\t\t\t\t\t<\/span>\n\t\t\t\t\t\t\t\t\t\t<span class=\"elementor-icon-list-text\">Terms &amp; Conditions<\/span>\n\t\t\t\t\t\t\t\t\t\t\t<\/a>\n\t\t\t\t\t\t\t\t\t<\/li>\n\t\t\t\t\t\t\t\t<li class=\"elementor-icon-list-item\">\n\t\t\t\t\t\t\t\t\t\t\t<a href=\"https:\/\/www.thaik.sk\/en\/ochrana-sukromia\/\">\n\n\t\t\t\t\t\t\t\t\t\t\t\t<span class=\"elementor-icon-list-icon\">\n\t\t\t\t\t\t\t<i aria-hidden=\"true\" class=\"fas fa-file-alt\"><\/i>\t\t\t\t\t\t<\/span>\n\t\t\t\t\t\t\t\t\t\t<span class=\"elementor-icon-list-text\">Privacy Policy<\/span>\n\t\t\t\t\t\t\t\t\t\t\t<\/a>\n\t\t\t\t\t\t\t\t\t<\/li>\n\t\t\t\t\t\t<\/ul>\n\t\t\t\t\t\t<\/div>\n\t\t\t\t<\/div>\n\t\t\t\t<\/div>\n\t\t\t\t<\/footer>\n\t\t<div class=\"elementor-element elementor-element-219f06a4 e-con-full e-flex e-con e-parent\" data-id=\"219f06a4\" data-element_type=\"container\">\n\t\t<div class=\"elementor-element elementor-element-259d2789 e-con-full e-transform e-flex e-con e-child\" data-id=\"259d2789\" data-element_type=\"container\" data-settings=\"{&quot;_transform_scale_effect_tablet&quot;:{&quot;unit&quot;:&quot;px&quot;,&quot;size&quot;:1.3000000000000000444089209850062616169452667236328125,&quot;sizes&quot;:[]},&quot;_transform_scale_effect&quot;:{&quot;unit&quot;:&quot;px&quot;,&quot;size&quot;:&quot;&quot;,&quot;sizes&quot;:[]},&quot;_transform_scale_effect_mobile&quot;:{&quot;unit&quot;:&quot;px&quot;,&quot;size&quot;:&quot;&quot;,&quot;sizes&quot;:[]}}\">\n\t\t\t\t<div class=\"elementor-element elementor-element-214690dc e-grid-align-right e-grid-align-tablet-right e-grid-align-mobile-center elementor-widget-mobile__width-inherit elementor-shape-rounded elementor-grid-0 elementor-widget elementor-widget-social-icons\" data-id=\"214690dc\" data-element_type=\"widget\" data-widget_type=\"social-icons.default\">\n\t\t\t\t<div class=\"elementor-widget-container\">\n\t\t\t\t\t\t\t<div class=\"elementor-social-icons-wrapper elementor-grid\" role=\"list\">\n\t\t\t\t\t\t\t<span class=\"elementor-grid-item\" role=\"listitem\">\n\t\t\t\t\t<a class=\"elementor-icon elementor-social-icon elementor-social-icon-facebook-f elementor-repeater-item-3f1b7ac\" href=\"https:\/\/www.facebook.com\/THAIKmassageandspa\" target=\"_blank\">\n\t\t\t\t\t\t<span class=\"elementor-screen-only\">Facebook-f<\/span>\n\t\t\t\t\t\t<i aria-hidden=\"true\" class=\"fab fa-facebook-f\"><\/i>\t\t\t\t\t<\/a>\n\t\t\t\t<\/span>\n\t\t\t\t\t\t\t<span class=\"elementor-grid-item\" role=\"listitem\">\n\t\t\t\t\t<a class=\"elementor-icon elementor-social-icon elementor-social-icon-instagram elementor-repeater-item-3c50740\" href=\"https:\/\/www.instagram.com\/thaik_massageandspa\/\" target=\"_blank\">\n\t\t\t\t\t\t<span class=\"elementor-screen-only\">Instagram<\/span>\n\t\t\t\t\t\t<i aria-hidden=\"true\" class=\"fab fa-instagram\"><\/i>\t\t\t\t\t<\/a>\n\t\t\t\t<\/span>\n\t\t\t\t\t<\/div>\n\t\t\t\t\t\t<\/div>\n\t\t\t\t<\/div>\n\t\t\t\t<\/div>\n\t\t\t\t<div class=\"elementor-element elementor-element-b328336 elementor-widget elementor-widget-image\" data-id=\"b328336\" data-element_type=\"widget\" data-widget_type=\"image.default\">\n\t\t\t\t<div class=\"elementor-widget-container\">\n\t\t\t\t\t\t\t\t\t\t\t\t\t\t\t<img fetchpriority=\"high\" decoding=\"async\" width=\"3141\" height=\"1066\" src=\"https:\/\/www.thaik.sk\/wp-content\/uploads\/2024\/03\/Black-logo-no-background.png\" class=\"attachment-full size-full wp-image-43\" alt=\"\" srcset=\"https:\/\/www.thaik.sk\/wp-content\/uploads\/2024\/03\/Black-logo-no-background.png 3141w, https:\/\/www.thaik.sk\/wp-content\/uploads\/2024\/03\/Black-logo-no-background-300x102.png 300w, https:\/\/www.thaik.sk\/wp-content\/uploads\/2024\/03\/Black-logo-no-background-1024x348.png 1024w, https:\/\/www.thaik.sk\/wp-content\/uploads\/2024\/03\/Black-logo-no-background-768x261.png 768w, https:\/\/www.thaik.sk\/wp-content\/uploads\/2024\/03\/Black-logo-no-background-1536x521.png 1536w, https:\/\/www.thaik.sk\/wp-content\/uploads\/2024\/03\/Black-logo-no-background-2048x695.png 2048w\" sizes=\"(max-width: 3141px) 100vw, 3141px\" \/>\t\t\t\t\t\t\t\t\t\t\t\t\t\t\t<\/div>\n\t\t\t\t<\/div>\n\t\t\t\t<div class=\"elementor-element elementor-element-78c94067 elementor-widget elementor-widget-heading\" data-id=\"78c94067\" data-element_type=\"widget\" data-widget_type=\"heading.default\">\n\t\t\t\t<div class=\"elementor-widget-container\">\n\t\t\t\t\t<p class=\"elementor-heading-title elementor-size-default\">THAI K - Massage &amp; Spa 2025 \u00a9 All Rights Reserved<\/p>\t\t\t\t<\/div>\n\t\t\t\t<\/div>\n\t\t\t\t<\/div>\n\t\t\t\t<\/div>","protected":false},"excerpt":{"rendered":"<p>Reklama\u010dn\u00fd poriadok Prev\u00e1dzkovate\u013e: SKO s.r.o., H\u00fa\u0161\u010davova 1151\/3, 841 01 Bratislava, I\u010cO: 55 466\u00a0532, zap\u00edsan\u00e1 v Obchodnom registri Mestsk\u00e9ho s\u00fadu Bratislava III, Oddiel: Sro 170488\/B, (\u010falej ako \u201ePred\u00e1vaj\u00faci\u201c alebo \u201ePoskytovate\u013e\u201c) N\u00e1zov a miesto prev\u00e1dzky: THAI K \u2013 Massage &amp; Spa, \u017delezni\u010dn\u00e1 3C, 900 31 Stupava, Stupavia 1. poschodie \u010cl. 1 Z\u00e1kladn\u00e9 ustanovenia Tento reklama\u010dn\u00fd poriadok sa [&hellip;]<\/p>","protected":false},"author":1,"featured_media":0,"parent":0,"menu_order":0,"comment_status":"closed","ping_status":"closed","template":"","meta":{"footnotes":""},"class_list":["post-636","page","type-page","status-publish","hentry"],"_links":{"self":[{"href":"https:\/\/www.thaik.sk\/en\/wp-json\/wp\/v2\/pages\/636","targetHints":{"allow":["GET"]}}],"collection":[{"href":"https:\/\/www.thaik.sk\/en\/wp-json\/wp\/v2\/pages"}],"about":[{"href":"https:\/\/www.thaik.sk\/en\/wp-json\/wp\/v2\/types\/page"}],"author":[{"embeddable":true,"href":"https:\/\/www.thaik.sk\/en\/wp-json\/wp\/v2\/users\/1"}],"replies":[{"embeddable":true,"href":"https:\/\/www.thaik.sk\/en\/wp-json\/wp\/v2\/comments?post=636"}],"version-history":[{"count":34,"href":"https:\/\/www.thaik.sk\/en\/wp-json\/wp\/v2\/pages\/636\/revisions"}],"predecessor-version":[{"id":1785,"href":"https:\/\/www.thaik.sk\/en\/wp-json\/wp\/v2\/pages\/636\/revisions\/1785"}],"wp:attachment":[{"href":"https:\/\/www.thaik.sk\/en\/wp-json\/wp\/v2\/media?parent=636"}],"curies":[{"name":"wp","href":"https:\/\/api.w.org\/{rel}","templated":true}]}}